{"id":4860,"date":"2024-07-03T12:33:45","date_gmt":"2024-07-03T10:33:45","guid":{"rendered":"https:\/\/formations.medicalis.ch\/formations\/umgang-mit-aggression-und-gewalt-im-gesundheits-sozialwesen\/"},"modified":"2025-04-10T09:42:42","modified_gmt":"2025-04-10T07:42:42","slug":"umgang-mit-aggression-und-gewalt-im-gesundheits-sozialwesen","status":"publish","type":"product","link":"https:\/\/formations.medicalis.ch\/de\/formations\/umgang-mit-aggression-und-gewalt-im-gesundheits-sozialwesen\/","title":{"rendered":"Umgang mit Aggression und Gewalt im Gesundheits- &amp; Sozialwesen"},"content":{"rendered":"<ul>\n<li>Definition Aggression und Gewalt<\/li>\n<li>AggressionsAcht nach sam-concept\u00ae<\/li>\n<li>Aggressionstheorien<\/li>\n<li>Grundlagen Kommunikation<\/li>\n<li>K\u00f6rpersprache<\/li>\n<li>N\u00e4he \/ Distanz<\/li>\n<li>Eskalation \/ Deeskalation<\/li>\n<li>Verbale Deeskalation nach ProDeMa\u00ae<\/li>\n<li>Situationstraining<\/li>\n<\/ul>\n","protected":false},"excerpt":{"rendered":"<p>Im Gesundheits- &amp; Sozialwesen sind wir zunehmend mit Aggression und Gewalt konfrontiert. Dies f\u00fchrt zu einer hohen psychischen und physischen Belastung bei allen Beteiligten. \u00dcber die Auseinandersetzung mit dem Ph\u00e4nomen Aggression und Gewalt entwickeln wir gemeinsam eine Haltung, vertiefen unsere kommunikativen Fertigkeiten und erlangen dadurch Sicherheit in herausfordernden Situationen des Arbeitsalltages.<\/p>\n","protected":false},"featured_media":4096,"template":"","meta":{"_monsterinsights_skip_tracking":false,"_monsterinsights_sitenote_active":false,"_monsterinsights_sitenote_note":"","_monsterinsights_sitenote_category":0},"product_cat":[562],"product_tag":[],"class_list":{"0":"post-4860","1":"product","2":"type-product","3":"status-publish","4":"has-post-thumbnail","6":"product_cat-management-kommunikation-de","8":"first","9":"instock","10":"sold-individually","11":"taxable","12":"shipping-taxable","13":"purchasable","14":"product-type-booking","15":"prodpage-style2"},"yoast_head":"<!-- This site is optimized with the Yoast SEO plugin v23.4 - https:\/\/yoast.com\/wordpress\/plugins\/seo\/ -->\n<title>Umgang mit Aggression und Gewalt im Gesundheits- &amp; Sozialwesen - Formations Medicalis Academy<\/title>\n<meta name=\"robots\" content=\"index, follow, max-snippet:-1, max-image-preview:large, max-video-preview:-1\" \/>\n<link rel=\"canonical\" href=\"https:\/\/formations.medicalis.ch\/de\/formations\/umgang-mit-aggression-und-gewalt-im-gesundheits-sozialwesen\/\" \/>\n<meta property=\"og:locale\" content=\"de_DE\" \/>\n<meta property=\"og:type\" content=\"article\" \/>\n<meta property=\"og:title\" content=\"Umgang mit Aggression und Gewalt im Gesundheits- &amp; Sozialwesen - Formations Medicalis Academy\" \/>\n<meta property=\"og:description\" content=\"Im Gesundheits- &amp; Sozialwesen sind wir zunehmend mit Aggression und Gewalt konfrontiert. Dies f\u00fchrt zu einer hohen psychischen und physischen Belastung bei allen Beteiligten. \u00dcber die Auseinandersetzung mit dem Ph\u00e4nomen Aggression und Gewalt entwickeln wir gemeinsam eine Haltung, vertiefen unsere kommunikativen Fertigkeiten und erlangen dadurch Sicherheit in herausfordernden Situationen des Arbeitsalltages.\" \/>\n<meta property=\"og:url\" content=\"https:\/\/formations.medicalis.ch\/de\/formations\/umgang-mit-aggression-und-gewalt-im-gesundheits-sozialwesen\/\" \/>\n<meta property=\"og:site_name\" content=\"Formations Medicalis Academy\" \/>\n<meta property=\"article:modified_time\" content=\"2025-04-10T07:42:42+00:00\" \/>\n<meta property=\"og:image\" content=\"https:\/\/formations.medicalis.ch\/wp-content\/uploads\/2020\/11\/Medicalis-Academy_35-scaled-e1704300308828.jpg\" \/>\n\t<meta property=\"og:image:width\" content=\"1806\" \/>\n\t<meta property=\"og:image:height\" content=\"2560\" \/>\n\t<meta property=\"og:image:type\" content=\"image\/jpeg\" \/>\n<meta name=\"twitter:card\" content=\"summary_large_image\" \/>\n<meta name=\"twitter:label1\" content=\"Gesch\u00e4tzte Lesezeit\" \/>\n\t<meta name=\"twitter:data1\" content=\"1\u00a0Minute\" \/>\n<script type=\"application\/ld+json\" class=\"yoast-schema-graph\">{\"@context\":\"https:\/\/schema.org\",\"@graph\":[{\"@type\":\"WebPage\",\"@id\":\"https:\/\/formations.medicalis.ch\/de\/formations\/umgang-mit-aggression-und-gewalt-im-gesundheits-sozialwesen\/\",\"url\":\"https:\/\/formations.medicalis.ch\/de\/formations\/umgang-mit-aggression-und-gewalt-im-gesundheits-sozialwesen\/\",\"name\":\"Umgang mit Aggression und Gewalt im Gesundheits- &amp; Sozialwesen - Formations Medicalis Academy\",\"isPartOf\":{\"@id\":\"https:\/\/formations.medicalis.ch\/de\/#website\"},\"primaryImageOfPage\":{\"@id\":\"https:\/\/formations.medicalis.ch\/de\/formations\/umgang-mit-aggression-und-gewalt-im-gesundheits-sozialwesen\/#primaryimage\"},\"image\":{\"@id\":\"https:\/\/formations.medicalis.ch\/de\/formations\/umgang-mit-aggression-und-gewalt-im-gesundheits-sozialwesen\/#primaryimage\"},\"thumbnailUrl\":\"https:\/\/formations.medicalis.ch\/wp-content\/uploads\/2020\/11\/Medicalis-Academy_35-scaled-e1704300308828.jpg\",\"datePublished\":\"2024-07-03T10:33:45+00:00\",\"dateModified\":\"2025-04-10T07:42:42+00:00\",\"breadcrumb\":{\"@id\":\"https:\/\/formations.medicalis.ch\/de\/formations\/umgang-mit-aggression-und-gewalt-im-gesundheits-sozialwesen\/#breadcrumb\"},\"inLanguage\":\"de\",\"potentialAction\":[{\"@type\":\"ReadAction\",\"target\":[\"https:\/\/formations.medicalis.ch\/de\/formations\/umgang-mit-aggression-und-gewalt-im-gesundheits-sozialwesen\/\"]}]},{\"@type\":\"ImageObject\",\"inLanguage\":\"de\",\"@id\":\"https:\/\/formations.medicalis.ch\/de\/formations\/umgang-mit-aggression-und-gewalt-im-gesundheits-sozialwesen\/#primaryimage\",\"url\":\"https:\/\/formations.medicalis.ch\/wp-content\/uploads\/2020\/11\/Medicalis-Academy_35-scaled-e1704300308828.jpg\",\"contentUrl\":\"https:\/\/formations.medicalis.ch\/wp-content\/uploads\/2020\/11\/Medicalis-Academy_35-scaled-e1704300308828.jpg\",\"width\":1806,\"height\":2560},{\"@type\":\"BreadcrumbList\",\"@id\":\"https:\/\/formations.medicalis.ch\/de\/formations\/umgang-mit-aggression-und-gewalt-im-gesundheits-sozialwesen\/#breadcrumb\",\"itemListElement\":[{\"@type\":\"ListItem\",\"position\":1,\"name\":\"Accueil\",\"item\":\"https:\/\/formations.medicalis.ch\/de\/schulungskatalog\/\"},{\"@type\":\"ListItem\",\"position\":2,\"name\":\"Schulungskatalog\",\"item\":\"https:\/\/formations.medicalis.ch\/de\/schulungskatalog\/\"},{\"@type\":\"ListItem\",\"position\":3,\"name\":\"Umgang mit Aggression und Gewalt im Gesundheits- &amp; Sozialwesen\"}]},{\"@type\":\"WebSite\",\"@id\":\"https:\/\/formations.medicalis.ch\/de\/#website\",\"url\":\"https:\/\/formations.medicalis.ch\/de\/\",\"name\":\"Formations Medicalis Academy\",\"description\":\"\",\"potentialAction\":[{\"@type\":\"SearchAction\",\"target\":{\"@type\":\"EntryPoint\",\"urlTemplate\":\"https:\/\/formations.medicalis.ch\/de\/?s={search_term_string}\"},\"query-input\":{\"@type\":\"PropertyValueSpecification\",\"valueRequired\":true,\"valueName\":\"search_term_string\"}}],\"inLanguage\":\"de\"}]}<\/script>\n<!-- \/ Yoast SEO plugin. -->","yoast_head_json":{"title":"Umgang mit Aggression und Gewalt im Gesundheits- &amp; Sozialwesen - Formations Medicalis Academy","robots":{"index":"index","follow":"follow","max-snippet":"max-snippet:-1","max-image-preview":"max-image-preview:large","max-video-preview":"max-video-preview:-1"},"canonical":"https:\/\/formations.medicalis.ch\/de\/formations\/umgang-mit-aggression-und-gewalt-im-gesundheits-sozialwesen\/","og_locale":"de_DE","og_type":"article","og_title":"Umgang mit Aggression und Gewalt im Gesundheits- &amp; Sozialwesen - Formations Medicalis Academy","og_description":"Im Gesundheits- &amp; Sozialwesen sind wir zunehmend mit Aggression und Gewalt konfrontiert. Dies f\u00fchrt zu einer hohen psychischen und physischen Belastung bei allen Beteiligten. \u00dcber die Auseinandersetzung mit dem Ph\u00e4nomen Aggression und Gewalt entwickeln wir gemeinsam eine Haltung, vertiefen unsere kommunikativen Fertigkeiten und erlangen dadurch Sicherheit in herausfordernden Situationen des Arbeitsalltages.","og_url":"https:\/\/formations.medicalis.ch\/de\/formations\/umgang-mit-aggression-und-gewalt-im-gesundheits-sozialwesen\/","og_site_name":"Formations Medicalis Academy","article_modified_time":"2025-04-10T07:42:42+00:00","og_image":[{"width":1806,"height":2560,"url":"https:\/\/formations.medicalis.ch\/wp-content\/uploads\/2020\/11\/Medicalis-Academy_35-scaled-e1704300308828.jpg","type":"image\/jpeg"}],"twitter_card":"summary_large_image","twitter_misc":{"Gesch\u00e4tzte Lesezeit":"1\u00a0Minute"},"schema":{"@context":"https:\/\/schema.org","@graph":[{"@type":"WebPage","@id":"https:\/\/formations.medicalis.ch\/de\/formations\/umgang-mit-aggression-und-gewalt-im-gesundheits-sozialwesen\/","url":"https:\/\/formations.medicalis.ch\/de\/formations\/umgang-mit-aggression-und-gewalt-im-gesundheits-sozialwesen\/","name":"Umgang mit Aggression und Gewalt im Gesundheits- &amp; Sozialwesen - Formations Medicalis Academy","isPartOf":{"@id":"https:\/\/formations.medicalis.ch\/de\/#website"},"primaryImageOfPage":{"@id":"https:\/\/formations.medicalis.ch\/de\/formations\/umgang-mit-aggression-und-gewalt-im-gesundheits-sozialwesen\/#primaryimage"},"image":{"@id":"https:\/\/formations.medicalis.ch\/de\/formations\/umgang-mit-aggression-und-gewalt-im-gesundheits-sozialwesen\/#primaryimage"},"thumbnailUrl":"https:\/\/formations.medicalis.ch\/wp-content\/uploads\/2020\/11\/Medicalis-Academy_35-scaled-e1704300308828.jpg","datePublished":"2024-07-03T10:33:45+00:00","dateModified":"2025-04-10T07:42:42+00:00","breadcrumb":{"@id":"https:\/\/formations.medicalis.ch\/de\/formations\/umgang-mit-aggression-und-gewalt-im-gesundheits-sozialwesen\/#breadcrumb"},"inLanguage":"de","potentialAction":[{"@type":"ReadAction","target":["https:\/\/formations.medicalis.ch\/de\/formations\/umgang-mit-aggression-und-gewalt-im-gesundheits-sozialwesen\/"]}]},{"@type":"ImageObject","inLanguage":"de","@id":"https:\/\/formations.medicalis.ch\/de\/formations\/umgang-mit-aggression-und-gewalt-im-gesundheits-sozialwesen\/#primaryimage","url":"https:\/\/formations.medicalis.ch\/wp-content\/uploads\/2020\/11\/Medicalis-Academy_35-scaled-e1704300308828.jpg","contentUrl":"https:\/\/formations.medicalis.ch\/wp-content\/uploads\/2020\/11\/Medicalis-Academy_35-scaled-e1704300308828.jpg","width":1806,"height":2560},{"@type":"BreadcrumbList","@id":"https:\/\/formations.medicalis.ch\/de\/formations\/umgang-mit-aggression-und-gewalt-im-gesundheits-sozialwesen\/#breadcrumb","itemListElement":[{"@type":"ListItem","position":1,"name":"Accueil","item":"https:\/\/formations.medicalis.ch\/de\/schulungskatalog\/"},{"@type":"ListItem","position":2,"name":"Schulungskatalog","item":"https:\/\/formations.medicalis.ch\/de\/schulungskatalog\/"},{"@type":"ListItem","position":3,"name":"Umgang mit Aggression und Gewalt im Gesundheits- &amp; Sozialwesen"}]},{"@type":"WebSite","@id":"https:\/\/formations.medicalis.ch\/de\/#website","url":"https:\/\/formations.medicalis.ch\/de\/","name":"Formations Medicalis Academy","description":"","potentialAction":[{"@type":"SearchAction","target":{"@type":"EntryPoint","urlTemplate":"https:\/\/formations.medicalis.ch\/de\/?s={search_term_string}"},"query-input":{"@type":"PropertyValueSpecification","valueRequired":true,"valueName":"search_term_string"}}],"inLanguage":"de"}]}},"_links":{"self":[{"href":"https:\/\/formations.medicalis.ch\/de\/wp-json\/wp\/v2\/product\/4860"}],"collection":[{"href":"https:\/\/formations.medicalis.ch\/de\/wp-json\/wp\/v2\/product"}],"about":[{"href":"https:\/\/formations.medicalis.ch\/de\/wp-json\/wp\/v2\/types\/product"}],"wp:featuredmedia":[{"embeddable":true,"href":"https:\/\/formations.medicalis.ch\/de\/wp-json\/wp\/v2\/media\/4096"}],"wp:attachment":[{"href":"https:\/\/formations.medicalis.ch\/de\/wp-json\/wp\/v2\/media?parent=4860"}],"wp:term":[{"taxonomy":"product_cat","embeddable":true,"href":"https:\/\/formations.medicalis.ch\/de\/wp-json\/wp\/v2\/product_cat?post=4860"},{"taxonomy":"product_tag","embeddable":true,"href":"https:\/\/formations.medicalis.ch\/de\/wp-json\/wp\/v2\/product_tag?post=4860"}],"curies":[{"name":"wp","href":"https:\/\/api.w.org\/{rel}","templated":true}]}}