{"id":4874,"date":"2024-03-07T11:44:39","date_gmt":"2024-03-07T10:44:39","guid":{"rendered":"https:\/\/formations.medicalis.ch\/formations\/erste-hilfe-fuer-psychische-gesundheit\/"},"modified":"2025-09-15T15:35:51","modified_gmt":"2025-09-15T13:35:51","slug":"erste-hilfe-fuer-psychische-gesundheit-de","status":"publish","type":"product","link":"https:\/\/formations.medicalis.ch\/de\/formations\/erste-hilfe-fuer-psychische-gesundheit-de\/","title":{"rendered":"Erste Hilfe f\u00fcr psychische Gesundheit"},"content":{"rendered":"<p><strong>\u00a0 \u00a0 \u00a0Schl\u00fcsselthemen:<\/strong><\/p>\n<ul>\n<li>Vielfalt psychischer St\u00f6rungen: Ein \u00dcberblick \u00fcber die Bandbreite psychischer Erkrankungen.<\/li>\n<li>F\u00fcnf Schritte zur psychischen Ersthilfe : Praktische Anwendung des ROGER-Tools zur Leistung von Erster Hilfe.<\/li>\n<li>Rolle und Verantwortung als Ersthelfer: Verstehen der eigenen Position und der Grenzen des Eingreifens.<\/li>\n<li>Pr\u00e4vention und Risikomanagement: Strategien zur Vorbeugung psychischer Krisen und zum Umgang mit Risiken.<\/li>\n<\/ul>\n","protected":false},"excerpt":{"rendered":"<p><strong>Lernen Sie, fr\u00fchzeitige Anzeichen psychischer Beeintr\u00e4chtigungen bei Angeh\u00f6rigen oder Kollegen zu erkennen. Dieses Seminar bietet Ihnen Kenntnisse und Techniken, um effektive Erste Hilfe bei psychischen Problemen zu leisten und so unterst\u00fctzend f\u00fcr Betroffene da zu sein.<\/strong><\/p>\n","protected":false},"featured_media":3253,"template":"","meta":{"_monsterinsights_skip_tracking":false,"_monsterinsights_sitenote_active":false,"_monsterinsights_sitenote_note":"","_monsterinsights_sitenote_category":0},"product_cat":[564],"product_tag":[],"class_list":{"0":"post-4874","1":"product","2":"type-product","3":"status-publish","4":"has-post-thumbnail","6":"product_cat-risikopraevention","8":"first","9":"instock","10":"sold-individually","11":"taxable","12":"shipping-taxable","13":"purchasable","14":"product-type-booking","15":"prodpage-style2"},"yoast_head":"<!-- This site is optimized with the Yoast SEO plugin v23.4 - https:\/\/yoast.com\/wordpress\/plugins\/seo\/ -->\n<title>Erste Hilfe f\u00fcr psychische Gesundheit - Formations Medicalis Academy<\/title>\n<meta name=\"robots\" content=\"index, follow, max-snippet:-1, max-image-preview:large, max-video-preview:-1\" \/>\n<link rel=\"canonical\" href=\"https:\/\/formations.medicalis.ch\/de\/formations\/erste-hilfe-fuer-psychische-gesundheit-de\/\" \/>\n<meta property=\"og:locale\" content=\"de_DE\" \/>\n<meta property=\"og:type\" content=\"article\" \/>\n<meta property=\"og:title\" content=\"Erste Hilfe f\u00fcr psychische Gesundheit - Formations Medicalis Academy\" \/>\n<meta property=\"og:description\" content=\"Lernen Sie, fr\u00fchzeitige Anzeichen psychischer Beeintr\u00e4chtigungen bei Angeh\u00f6rigen oder Kollegen zu erkennen. Dieses Seminar bietet Ihnen Kenntnisse und Techniken, um effektive Erste Hilfe bei psychischen Problemen zu leisten und so unterst\u00fctzend f\u00fcr Betroffene da zu sein.\" \/>\n<meta property=\"og:url\" content=\"https:\/\/formations.medicalis.ch\/de\/formations\/erste-hilfe-fuer-psychische-gesundheit-de\/\" \/>\n<meta property=\"og:site_name\" content=\"Formations Medicalis Academy\" \/>\n<meta property=\"article:modified_time\" content=\"2025-09-15T13:35:51+00:00\" \/>\n<meta property=\"og:image\" content=\"https:\/\/formations.medicalis.ch\/wp-content\/uploads\/2020\/11\/28Medicalis-e1671457122150.jpg\" \/>\n\t<meta property=\"og:image:width\" content=\"1600\" \/>\n\t<meta property=\"og:image:height\" content=\"1068\" \/>\n\t<meta property=\"og:image:type\" content=\"image\/jpeg\" \/>\n<meta name=\"twitter:card\" content=\"summary_large_image\" \/>\n<meta name=\"twitter:label1\" content=\"Gesch\u00e4tzte Lesezeit\" \/>\n\t<meta name=\"twitter:data1\" content=\"1\u00a0Minute\" \/>\n<script type=\"application\/ld+json\" class=\"yoast-schema-graph\">{\"@context\":\"https:\/\/schema.org\",\"@graph\":[{\"@type\":\"WebPage\",\"@id\":\"https:\/\/formations.medicalis.ch\/de\/formations\/erste-hilfe-fuer-psychische-gesundheit-de\/\",\"url\":\"https:\/\/formations.medicalis.ch\/de\/formations\/erste-hilfe-fuer-psychische-gesundheit-de\/\",\"name\":\"Erste Hilfe f\u00fcr psychische Gesundheit - Formations Medicalis Academy\",\"isPartOf\":{\"@id\":\"https:\/\/formations.medicalis.ch\/de\/#website\"},\"primaryImageOfPage\":{\"@id\":\"https:\/\/formations.medicalis.ch\/de\/formations\/erste-hilfe-fuer-psychische-gesundheit-de\/#primaryimage\"},\"image\":{\"@id\":\"https:\/\/formations.medicalis.ch\/de\/formations\/erste-hilfe-fuer-psychische-gesundheit-de\/#primaryimage\"},\"thumbnailUrl\":\"https:\/\/formations.medicalis.ch\/wp-content\/uploads\/2020\/11\/28Medicalis-e1671457122150.jpg\",\"datePublished\":\"2024-03-07T10:44:39+00:00\",\"dateModified\":\"2025-09-15T13:35:51+00:00\",\"breadcrumb\":{\"@id\":\"https:\/\/formations.medicalis.ch\/de\/formations\/erste-hilfe-fuer-psychische-gesundheit-de\/#breadcrumb\"},\"inLanguage\":\"de\",\"potentialAction\":[{\"@type\":\"ReadAction\",\"target\":[\"https:\/\/formations.medicalis.ch\/de\/formations\/erste-hilfe-fuer-psychische-gesundheit-de\/\"]}]},{\"@type\":\"ImageObject\",\"inLanguage\":\"de\",\"@id\":\"https:\/\/formations.medicalis.ch\/de\/formations\/erste-hilfe-fuer-psychische-gesundheit-de\/#primaryimage\",\"url\":\"https:\/\/formations.medicalis.ch\/wp-content\/uploads\/2020\/11\/28Medicalis-e1671457122150.jpg\",\"contentUrl\":\"https:\/\/formations.medicalis.ch\/wp-content\/uploads\/2020\/11\/28Medicalis-e1671457122150.jpg\",\"width\":1600,\"height\":1068,\"caption\":\"Portrait of a confident female doctor\"},{\"@type\":\"BreadcrumbList\",\"@id\":\"https:\/\/formations.medicalis.ch\/de\/formations\/erste-hilfe-fuer-psychische-gesundheit-de\/#breadcrumb\",\"itemListElement\":[{\"@type\":\"ListItem\",\"position\":1,\"name\":\"Accueil\",\"item\":\"https:\/\/formations.medicalis.ch\/de\/schulungskatalog\/\"},{\"@type\":\"ListItem\",\"position\":2,\"name\":\"Schulungskatalog\",\"item\":\"https:\/\/formations.medicalis.ch\/de\/schulungskatalog\/\"},{\"@type\":\"ListItem\",\"position\":3,\"name\":\"Erste Hilfe f\u00fcr psychische Gesundheit\"}]},{\"@type\":\"WebSite\",\"@id\":\"https:\/\/formations.medicalis.ch\/de\/#website\",\"url\":\"https:\/\/formations.medicalis.ch\/de\/\",\"name\":\"Formations Medicalis Academy\",\"description\":\"\",\"potentialAction\":[{\"@type\":\"SearchAction\",\"target\":{\"@type\":\"EntryPoint\",\"urlTemplate\":\"https:\/\/formations.medicalis.ch\/de\/?s={search_term_string}\"},\"query-input\":{\"@type\":\"PropertyValueSpecification\",\"valueRequired\":true,\"valueName\":\"search_term_string\"}}],\"inLanguage\":\"de\"}]}<\/script>\n<!-- \/ Yoast SEO plugin. -->","yoast_head_json":{"title":"Erste Hilfe f\u00fcr psychische Gesundheit - Formations Medicalis Academy","robots":{"index":"index","follow":"follow","max-snippet":"max-snippet:-1","max-image-preview":"max-image-preview:large","max-video-preview":"max-video-preview:-1"},"canonical":"https:\/\/formations.medicalis.ch\/de\/formations\/erste-hilfe-fuer-psychische-gesundheit-de\/","og_locale":"de_DE","og_type":"article","og_title":"Erste Hilfe f\u00fcr psychische Gesundheit - Formations Medicalis Academy","og_description":"Lernen Sie, fr\u00fchzeitige Anzeichen psychischer Beeintr\u00e4chtigungen bei Angeh\u00f6rigen oder Kollegen zu erkennen. Dieses Seminar bietet Ihnen Kenntnisse und Techniken, um effektive Erste Hilfe bei psychischen Problemen zu leisten und so unterst\u00fctzend f\u00fcr Betroffene da zu sein.","og_url":"https:\/\/formations.medicalis.ch\/de\/formations\/erste-hilfe-fuer-psychische-gesundheit-de\/","og_site_name":"Formations Medicalis Academy","article_modified_time":"2025-09-15T13:35:51+00:00","og_image":[{"width":1600,"height":1068,"url":"https:\/\/formations.medicalis.ch\/wp-content\/uploads\/2020\/11\/28Medicalis-e1671457122150.jpg","type":"image\/jpeg"}],"twitter_card":"summary_large_image","twitter_misc":{"Gesch\u00e4tzte Lesezeit":"1\u00a0Minute"},"schema":{"@context":"https:\/\/schema.org","@graph":[{"@type":"WebPage","@id":"https:\/\/formations.medicalis.ch\/de\/formations\/erste-hilfe-fuer-psychische-gesundheit-de\/","url":"https:\/\/formations.medicalis.ch\/de\/formations\/erste-hilfe-fuer-psychische-gesundheit-de\/","name":"Erste Hilfe f\u00fcr psychische Gesundheit - Formations Medicalis Academy","isPartOf":{"@id":"https:\/\/formations.medicalis.ch\/de\/#website"},"primaryImageOfPage":{"@id":"https:\/\/formations.medicalis.ch\/de\/formations\/erste-hilfe-fuer-psychische-gesundheit-de\/#primaryimage"},"image":{"@id":"https:\/\/formations.medicalis.ch\/de\/formations\/erste-hilfe-fuer-psychische-gesundheit-de\/#primaryimage"},"thumbnailUrl":"https:\/\/formations.medicalis.ch\/wp-content\/uploads\/2020\/11\/28Medicalis-e1671457122150.jpg","datePublished":"2024-03-07T10:44:39+00:00","dateModified":"2025-09-15T13:35:51+00:00","breadcrumb":{"@id":"https:\/\/formations.medicalis.ch\/de\/formations\/erste-hilfe-fuer-psychische-gesundheit-de\/#breadcrumb"},"inLanguage":"de","potentialAction":[{"@type":"ReadAction","target":["https:\/\/formations.medicalis.ch\/de\/formations\/erste-hilfe-fuer-psychische-gesundheit-de\/"]}]},{"@type":"ImageObject","inLanguage":"de","@id":"https:\/\/formations.medicalis.ch\/de\/formations\/erste-hilfe-fuer-psychische-gesundheit-de\/#primaryimage","url":"https:\/\/formations.medicalis.ch\/wp-content\/uploads\/2020\/11\/28Medicalis-e1671457122150.jpg","contentUrl":"https:\/\/formations.medicalis.ch\/wp-content\/uploads\/2020\/11\/28Medicalis-e1671457122150.jpg","width":1600,"height":1068,"caption":"Portrait of a confident female doctor"},{"@type":"BreadcrumbList","@id":"https:\/\/formations.medicalis.ch\/de\/formations\/erste-hilfe-fuer-psychische-gesundheit-de\/#breadcrumb","itemListElement":[{"@type":"ListItem","position":1,"name":"Accueil","item":"https:\/\/formations.medicalis.ch\/de\/schulungskatalog\/"},{"@type":"ListItem","position":2,"name":"Schulungskatalog","item":"https:\/\/formations.medicalis.ch\/de\/schulungskatalog\/"},{"@type":"ListItem","position":3,"name":"Erste Hilfe f\u00fcr psychische Gesundheit"}]},{"@type":"WebSite","@id":"https:\/\/formations.medicalis.ch\/de\/#website","url":"https:\/\/formations.medicalis.ch\/de\/","name":"Formations Medicalis Academy","description":"","potentialAction":[{"@type":"SearchAction","target":{"@type":"EntryPoint","urlTemplate":"https:\/\/formations.medicalis.ch\/de\/?s={search_term_string}"},"query-input":{"@type":"PropertyValueSpecification","valueRequired":true,"valueName":"search_term_string"}}],"inLanguage":"de"}]}},"_links":{"self":[{"href":"https:\/\/formations.medicalis.ch\/de\/wp-json\/wp\/v2\/product\/4874"}],"collection":[{"href":"https:\/\/formations.medicalis.ch\/de\/wp-json\/wp\/v2\/product"}],"about":[{"href":"https:\/\/formations.medicalis.ch\/de\/wp-json\/wp\/v2\/types\/product"}],"wp:featuredmedia":[{"embeddable":true,"href":"https:\/\/formations.medicalis.ch\/de\/wp-json\/wp\/v2\/media\/3253"}],"wp:attachment":[{"href":"https:\/\/formations.medicalis.ch\/de\/wp-json\/wp\/v2\/media?parent=4874"}],"wp:term":[{"taxonomy":"product_cat","embeddable":true,"href":"https:\/\/formations.medicalis.ch\/de\/wp-json\/wp\/v2\/product_cat?post=4874"},{"taxonomy":"product_tag","embeddable":true,"href":"https:\/\/formations.medicalis.ch\/de\/wp-json\/wp\/v2\/product_tag?post=4874"}],"curies":[{"name":"wp","href":"https:\/\/api.w.org\/{rel}","templated":true}]}}